{"id":1977,"date":"2023-07-20T10:47:03","date_gmt":"2023-07-20T10:47:03","guid":{"rendered":"http:\/\/koto.si\/?post_type=product&#038;p=1977"},"modified":"2023-07-21T11:08:11","modified_gmt":"2023-07-21T11:08:11","slug":"used-cooking-oils","status":"publish","type":"product","link":"https:\/\/koto.si\/en\/products\/used-cooking-oils\/","title":{"rendered":"Used cooking oils"},"featured_media":115,"template":"","class_list":["post-1977","product","type-product","status-publish","has-post-thumbnail","hentry"],"acf":[],"yoast_head":"<!-- This site is optimized with the Yoast SEO plugin v27.0 - https:\/\/yoast.com\/product\/yoast-seo-wordpress\/ -->\n<title>Used cooking oils - Koto<\/title>\n<meta name=\"description\" content=\"V dru\u017ebi KOTO kupujemo in predelujemo odpadna jedilna olja in ma\u0161\u010dobe. Iz enega litra olja pridobimo 90 % biodizla. Veseli bomo va\u0161ega povpra\u0161evanja.\" \/>\n<meta name=\"robots\" content=\"index, follow, max-snippet:-1, max-image-preview:large, max-video-preview:-1\" \/>\n<link rel=\"canonical\" href=\"https:\/\/koto.si\/en\/products\/used-cooking-oils\/\" \/>\n<meta property=\"og:locale\" content=\"en_US\" \/>\n<meta property=\"og:type\" content=\"article\" \/>\n<meta property=\"og:title\" content=\"Used cooking oils - Koto\" \/>\n<meta property=\"og:description\" content=\"V dru\u017ebi KOTO kupujemo in predelujemo odpadna jedilna olja in ma\u0161\u010dobe. Iz enega litra olja pridobimo 90 % biodizla. Veseli bomo va\u0161ega povpra\u0161evanja.\" \/>\n<meta property=\"og:url\" content=\"https:\/\/koto.si\/en\/products\/used-cooking-oils\/\" \/>\n<meta property=\"og:site_name\" content=\"Koto\" \/>\n<meta property=\"article:modified_time\" content=\"2023-07-21T11:08:11+00:00\" \/>\n<meta property=\"og:image\" content=\"https:\/\/koto.si\/wp-content\/uploads\/2023\/01\/E1A3906-1.jpg\" \/>\n\t<meta property=\"og:image:width\" content=\"543\" \/>\n\t<meta property=\"og:image:height\" content=\"460\" \/>\n\t<meta property=\"og:image:type\" content=\"image\/jpeg\" \/>\n<meta name=\"twitter:card\" content=\"summary_large_image\" \/>\n<script type=\"application\/ld+json\" class=\"yoast-schema-graph\">{\"@context\":\"https:\/\/schema.org\",\"@graph\":[{\"@type\":\"WebPage\",\"@id\":\"https:\/\/koto.si\/en\/products\/used-cooking-oils\/\",\"url\":\"https:\/\/koto.si\/en\/products\/used-cooking-oils\/\",\"name\":\"Used cooking oils - Koto\",\"isPartOf\":{\"@id\":\"https:\/\/koto.si\/en\/#website\"},\"primaryImageOfPage\":{\"@id\":\"https:\/\/koto.si\/en\/products\/used-cooking-oils\/#primaryimage\"},\"image\":{\"@id\":\"https:\/\/koto.si\/en\/products\/used-cooking-oils\/#primaryimage\"},\"thumbnailUrl\":\"https:\/\/koto.si\/wp-content\/uploads\/2023\/01\/E1A3906-1.jpg\",\"datePublished\":\"2023-07-20T10:47:03+00:00\",\"dateModified\":\"2023-07-21T11:08:11+00:00\",\"description\":\"V dru\u017ebi KOTO kupujemo in predelujemo odpadna jedilna olja in ma\u0161\u010dobe. Iz enega litra olja pridobimo 90 % biodizla. Veseli bomo va\u0161ega povpra\u0161evanja.\",\"breadcrumb\":{\"@id\":\"https:\/\/koto.si\/en\/products\/used-cooking-oils\/#breadcrumb\"},\"inLanguage\":\"en-US\",\"potentialAction\":[{\"@type\":\"ReadAction\",\"target\":[\"https:\/\/koto.si\/en\/products\/used-cooking-oils\/\"]}]},{\"@type\":\"ImageObject\",\"inLanguage\":\"en-US\",\"@id\":\"https:\/\/koto.si\/en\/products\/used-cooking-oils\/#primaryimage\",\"url\":\"https:\/\/koto.si\/wp-content\/uploads\/2023\/01\/E1A3906-1.jpg\",\"contentUrl\":\"https:\/\/koto.si\/wp-content\/uploads\/2023\/01\/E1A3906-1.jpg\",\"width\":543,\"height\":460,\"caption\":\"E1A3906 1\"},{\"@type\":\"WebSite\",\"@id\":\"https:\/\/koto.si\/en\/#website\",\"url\":\"https:\/\/koto.si\/en\/\",\"name\":\"Koto\",\"description\":\"\",\"potentialAction\":[{\"@type\":\"SearchAction\",\"target\":{\"@type\":\"EntryPoint\",\"urlTemplate\":\"https:\/\/koto.si\/en\/?s={search_term_string}\"},\"query-input\":{\"@type\":\"PropertyValueSpecification\",\"valueRequired\":true,\"valueName\":\"search_term_string\"}}],\"inLanguage\":\"en-US\"}]}<\/script>\n<!-- \/ Yoast SEO plugin. -->","yoast_head_json":{"title":"Used cooking oils - Koto","description":"V dru\u017ebi KOTO kupujemo in predelujemo odpadna jedilna olja in ma\u0161\u010dobe. Iz enega litra olja pridobimo 90 % biodizla. Veseli bomo va\u0161ega povpra\u0161evanja.","robots":{"index":"index","follow":"follow","max-snippet":"max-snippet:-1","max-image-preview":"max-image-preview:large","max-video-preview":"max-video-preview:-1"},"canonical":"https:\/\/koto.si\/en\/products\/used-cooking-oils\/","og_locale":"en_US","og_type":"article","og_title":"Used cooking oils - Koto","og_description":"V dru\u017ebi KOTO kupujemo in predelujemo odpadna jedilna olja in ma\u0161\u010dobe. Iz enega litra olja pridobimo 90 % biodizla. Veseli bomo va\u0161ega povpra\u0161evanja.","og_url":"https:\/\/koto.si\/en\/products\/used-cooking-oils\/","og_site_name":"Koto","article_modified_time":"2023-07-21T11:08:11+00:00","og_image":[{"width":543,"height":460,"url":"https:\/\/koto.si\/wp-content\/uploads\/2023\/01\/E1A3906-1.jpg","type":"image\/jpeg"}],"twitter_card":"summary_large_image","schema":{"@context":"https:\/\/schema.org","@graph":[{"@type":"WebPage","@id":"https:\/\/koto.si\/en\/products\/used-cooking-oils\/","url":"https:\/\/koto.si\/en\/products\/used-cooking-oils\/","name":"Used cooking oils - Koto","isPartOf":{"@id":"https:\/\/koto.si\/en\/#website"},"primaryImageOfPage":{"@id":"https:\/\/koto.si\/en\/products\/used-cooking-oils\/#primaryimage"},"image":{"@id":"https:\/\/koto.si\/en\/products\/used-cooking-oils\/#primaryimage"},"thumbnailUrl":"https:\/\/koto.si\/wp-content\/uploads\/2023\/01\/E1A3906-1.jpg","datePublished":"2023-07-20T10:47:03+00:00","dateModified":"2023-07-21T11:08:11+00:00","description":"V dru\u017ebi KOTO kupujemo in predelujemo odpadna jedilna olja in ma\u0161\u010dobe. Iz enega litra olja pridobimo 90 % biodizla. Veseli bomo va\u0161ega povpra\u0161evanja.","breadcrumb":{"@id":"https:\/\/koto.si\/en\/products\/used-cooking-oils\/#breadcrumb"},"inLanguage":"en-US","potentialAction":[{"@type":"ReadAction","target":["https:\/\/koto.si\/en\/products\/used-cooking-oils\/"]}]},{"@type":"ImageObject","inLanguage":"en-US","@id":"https:\/\/koto.si\/en\/products\/used-cooking-oils\/#primaryimage","url":"https:\/\/koto.si\/wp-content\/uploads\/2023\/01\/E1A3906-1.jpg","contentUrl":"https:\/\/koto.si\/wp-content\/uploads\/2023\/01\/E1A3906-1.jpg","width":543,"height":460,"caption":"E1A3906 1"},{"@type":"WebSite","@id":"https:\/\/koto.si\/en\/#website","url":"https:\/\/koto.si\/en\/","name":"Koto","description":"","potentialAction":[{"@type":"SearchAction","target":{"@type":"EntryPoint","urlTemplate":"https:\/\/koto.si\/en\/?s={search_term_string}"},"query-input":{"@type":"PropertyValueSpecification","valueRequired":true,"valueName":"search_term_string"}}],"inLanguage":"en-US"}]}},"_links":{"self":[{"href":"https:\/\/koto.si\/en\/wp-json\/wp\/v2\/product\/1977","targetHints":{"allow":["GET"]}}],"collection":[{"href":"https:\/\/koto.si\/en\/wp-json\/wp\/v2\/product"}],"about":[{"href":"https:\/\/koto.si\/en\/wp-json\/wp\/v2\/types\/product"}],"wp:featuredmedia":[{"embeddable":true,"href":"https:\/\/koto.si\/en\/wp-json\/wp\/v2\/media\/115"}],"wp:attachment":[{"href":"https:\/\/koto.si\/en\/wp-json\/wp\/v2\/media?parent=1977"}],"curies":[{"name":"wp","href":"https:\/\/api.w.org\/{rel}","templated":true}]}}