{"id":1979,"date":"2023-07-20T11:22:22","date_gmt":"2023-07-20T11:22:22","guid":{"rendered":"http:\/\/koto.si\/?post_type=product&#038;p=1979"},"modified":"2023-08-25T10:06:41","modified_gmt":"2023-08-25T10:06:41","slug":"hides","status":"publish","type":"product","link":"https:\/\/koto.si\/en\/products\/hides\/","title":{"rendered":"Hides"},"featured_media":698,"template":"","class_list":["post-1979","product","type-product","status-publish","has-post-thumbnail","hentry"],"acf":[],"yoast_head":"<!-- This site is optimized with the Yoast SEO plugin v27.0 - https:\/\/yoast.com\/product\/yoast-seo-wordpress\/ -->\n<title>Hides - Koto<\/title>\n<meta name=\"description\" content=\"V dru\u017ebi KOTO nudimo razli\u010dne kategorije govejih ko\u017e. Zbiramo in prodajamo zgolj sve\u017ee ko\u017ee. Kontaktirajte nas!\" \/>\n<meta name=\"robots\" content=\"index, follow, max-snippet:-1, max-image-preview:large, max-video-preview:-1\" \/>\n<link rel=\"canonical\" href=\"https:\/\/koto.si\/en\/products\/hides\/\" \/>\n<meta property=\"og:locale\" content=\"en_US\" \/>\n<meta property=\"og:type\" content=\"article\" \/>\n<meta property=\"og:title\" content=\"Hides - Koto\" \/>\n<meta property=\"og:description\" content=\"V dru\u017ebi KOTO nudimo razli\u010dne kategorije govejih ko\u017e. Zbiramo in prodajamo zgolj sve\u017ee ko\u017ee. Kontaktirajte nas!\" \/>\n<meta property=\"og:url\" content=\"https:\/\/koto.si\/en\/products\/hides\/\" \/>\n<meta property=\"og:site_name\" content=\"Koto\" \/>\n<meta property=\"article:modified_time\" content=\"2023-08-25T10:06:41+00:00\" \/>\n<meta property=\"og:image\" content=\"http:\/\/koto.si\/wp-content\/uploads\/2023\/04\/E1A3862.jpg\" \/>\n\t<meta property=\"og:image:width\" content=\"1600\" \/>\n\t<meta property=\"og:image:height\" content=\"2000\" \/>\n\t<meta property=\"og:image:type\" content=\"image\/jpeg\" \/>\n<meta name=\"twitter:card\" content=\"summary_large_image\" \/>\n<script type=\"application\/ld+json\" class=\"yoast-schema-graph\">{\"@context\":\"https:\/\/schema.org\",\"@graph\":[{\"@type\":\"WebPage\",\"@id\":\"https:\/\/koto.si\/en\/products\/hides\/\",\"url\":\"https:\/\/koto.si\/en\/products\/hides\/\",\"name\":\"Hides - Koto\",\"isPartOf\":{\"@id\":\"https:\/\/koto.si\/en\/#website\"},\"primaryImageOfPage\":{\"@id\":\"https:\/\/koto.si\/en\/products\/hides\/#primaryimage\"},\"image\":{\"@id\":\"https:\/\/koto.si\/en\/products\/hides\/#primaryimage\"},\"thumbnailUrl\":\"https:\/\/koto.si\/wp-content\/uploads\/2023\/04\/E1A3862.jpg\",\"datePublished\":\"2023-07-20T11:22:22+00:00\",\"dateModified\":\"2023-08-25T10:06:41+00:00\",\"description\":\"V dru\u017ebi KOTO nudimo razli\u010dne kategorije govejih ko\u017e. Zbiramo in prodajamo zgolj sve\u017ee ko\u017ee. Kontaktirajte nas!\",\"breadcrumb\":{\"@id\":\"https:\/\/koto.si\/en\/products\/hides\/#breadcrumb\"},\"inLanguage\":\"en-US\",\"potentialAction\":[{\"@type\":\"ReadAction\",\"target\":[\"https:\/\/koto.si\/en\/products\/hides\/\"]}]},{\"@type\":\"ImageObject\",\"inLanguage\":\"en-US\",\"@id\":\"https:\/\/koto.si\/en\/products\/hides\/#primaryimage\",\"url\":\"https:\/\/koto.si\/wp-content\/uploads\/2023\/04\/E1A3862.jpg\",\"contentUrl\":\"https:\/\/koto.si\/wp-content\/uploads\/2023\/04\/E1A3862.jpg\",\"width\":1536,\"height\":1920,\"caption\":\"E1A3862\"},{\"@type\":\"WebSite\",\"@id\":\"https:\/\/koto.si\/en\/#website\",\"url\":\"https:\/\/koto.si\/en\/\",\"name\":\"Koto\",\"description\":\"\",\"potentialAction\":[{\"@type\":\"SearchAction\",\"target\":{\"@type\":\"EntryPoint\",\"urlTemplate\":\"https:\/\/koto.si\/en\/?s={search_term_string}\"},\"query-input\":{\"@type\":\"PropertyValueSpecification\",\"valueRequired\":true,\"valueName\":\"search_term_string\"}}],\"inLanguage\":\"en-US\"}]}<\/script>\n<!-- \/ Yoast SEO plugin. -->","yoast_head_json":{"title":"Hides - Koto","description":"V dru\u017ebi KOTO nudimo razli\u010dne kategorije govejih ko\u017e. Zbiramo in prodajamo zgolj sve\u017ee ko\u017ee. Kontaktirajte nas!","robots":{"index":"index","follow":"follow","max-snippet":"max-snippet:-1","max-image-preview":"max-image-preview:large","max-video-preview":"max-video-preview:-1"},"canonical":"https:\/\/koto.si\/en\/products\/hides\/","og_locale":"en_US","og_type":"article","og_title":"Hides - Koto","og_description":"V dru\u017ebi KOTO nudimo razli\u010dne kategorije govejih ko\u017e. Zbiramo in prodajamo zgolj sve\u017ee ko\u017ee. Kontaktirajte nas!","og_url":"https:\/\/koto.si\/en\/products\/hides\/","og_site_name":"Koto","article_modified_time":"2023-08-25T10:06:41+00:00","og_image":[{"width":1600,"height":2000,"url":"http:\/\/koto.si\/wp-content\/uploads\/2023\/04\/E1A3862.jpg","type":"image\/jpeg"}],"twitter_card":"summary_large_image","schema":{"@context":"https:\/\/schema.org","@graph":[{"@type":"WebPage","@id":"https:\/\/koto.si\/en\/products\/hides\/","url":"https:\/\/koto.si\/en\/products\/hides\/","name":"Hides - Koto","isPartOf":{"@id":"https:\/\/koto.si\/en\/#website"},"primaryImageOfPage":{"@id":"https:\/\/koto.si\/en\/products\/hides\/#primaryimage"},"image":{"@id":"https:\/\/koto.si\/en\/products\/hides\/#primaryimage"},"thumbnailUrl":"https:\/\/koto.si\/wp-content\/uploads\/2023\/04\/E1A3862.jpg","datePublished":"2023-07-20T11:22:22+00:00","dateModified":"2023-08-25T10:06:41+00:00","description":"V dru\u017ebi KOTO nudimo razli\u010dne kategorije govejih ko\u017e. Zbiramo in prodajamo zgolj sve\u017ee ko\u017ee. Kontaktirajte nas!","breadcrumb":{"@id":"https:\/\/koto.si\/en\/products\/hides\/#breadcrumb"},"inLanguage":"en-US","potentialAction":[{"@type":"ReadAction","target":["https:\/\/koto.si\/en\/products\/hides\/"]}]},{"@type":"ImageObject","inLanguage":"en-US","@id":"https:\/\/koto.si\/en\/products\/hides\/#primaryimage","url":"https:\/\/koto.si\/wp-content\/uploads\/2023\/04\/E1A3862.jpg","contentUrl":"https:\/\/koto.si\/wp-content\/uploads\/2023\/04\/E1A3862.jpg","width":1536,"height":1920,"caption":"E1A3862"},{"@type":"WebSite","@id":"https:\/\/koto.si\/en\/#website","url":"https:\/\/koto.si\/en\/","name":"Koto","description":"","potentialAction":[{"@type":"SearchAction","target":{"@type":"EntryPoint","urlTemplate":"https:\/\/koto.si\/en\/?s={search_term_string}"},"query-input":{"@type":"PropertyValueSpecification","valueRequired":true,"valueName":"search_term_string"}}],"inLanguage":"en-US"}]}},"_links":{"self":[{"href":"https:\/\/koto.si\/en\/wp-json\/wp\/v2\/product\/1979","targetHints":{"allow":["GET"]}}],"collection":[{"href":"https:\/\/koto.si\/en\/wp-json\/wp\/v2\/product"}],"about":[{"href":"https:\/\/koto.si\/en\/wp-json\/wp\/v2\/types\/product"}],"wp:featuredmedia":[{"embeddable":true,"href":"https:\/\/koto.si\/en\/wp-json\/wp\/v2\/media\/698"}],"wp:attachment":[{"href":"https:\/\/koto.si\/en\/wp-json\/wp\/v2\/media?parent=1979"}],"curies":[{"name":"wp","href":"https:\/\/api.w.org\/{rel}","templated":true}]}}